{"id":2106,"date":"2016-10-03T18:15:47","date_gmt":"2016-10-03T18:15:47","guid":{"rendered":"https:\/\/demo09.houzez.co\/?page_id=2106"},"modified":"2024-05-27T14:29:20","modified_gmt":"2024-05-27T14:29:20","slug":"about-us","status":"publish","type":"page","link":"https:\/\/marigny.clicsoft.dev\/?page_id=2106","title":{"rendered":"Qui sommes-nous?"},"content":{"rendered":"\t\t<div data-elementor-type=\"wp-post\" data-elementor-id=\"2106\" class=\"elementor elementor-2106\">\n\t\t\t\t\t\t<section class=\"elementor-section elementor-top-section elementor-element elementor-element-f1350c3 elementor-section-boxed elementor-section-height-default elementor-section-height-default\" data-id=\"f1350c3\" data-element_type=\"section\">\n\t\t\t\t\t\t<div class=\"elementor-container elementor-column-gap-default\">\n\t\t\t\t\t<div class=\"elementor-column elementor-col-100 elementor-top-column elementor-element elementor-element-846e239\" data-id=\"846e239\" data-element_type=\"column\">\n\t\t\t<div class=\"elementor-widget-wrap elementor-element-populated\">\n\t\t\t\t\t\t<div class=\"elementor-element elementor-element-39def32 elementor-widget-divider--view-line elementor-widget elementor-widget-divider\" data-id=\"39def32\" data-element_type=\"widget\" data-widget_type=\"divider.default\">\n\t\t\t\t<div class=\"elementor-widget-container\">\n\t\t\t<style>\/*! elementor - v3.22.0 - 26-06-2024 *\/\n.elementor-widget-divider{--divider-border-style:none;--divider-border-width:1px;--divider-color:#0c0d0e;--divider-icon-size:20px;--divider-element-spacing:10px;--divider-pattern-height:24px;--divider-pattern-size:20px;--divider-pattern-url:none;--divider-pattern-repeat:repeat-x}.elementor-widget-divider .elementor-divider{display:flex}.elementor-widget-divider .elementor-divider__text{font-size:15px;line-height:1;max-width:95%}.elementor-widget-divider .elementor-divider__element{margin:0 var(--divider-element-spacing);flex-shrink:0}.elementor-widget-divider .elementor-icon{font-size:var(--divider-icon-size)}.elementor-widget-divider .elementor-divider-separator{display:flex;margin:0;direction:ltr}.elementor-widget-divider--view-line_icon .elementor-divider-separator,.elementor-widget-divider--view-line_text .elementor-divider-separator{align-items:center}.elementor-widget-divider--view-line_icon .elementor-divider-separator:after,.elementor-widget-divider--view-line_icon .elementor-divider-separator:before,.elementor-widget-divider--view-line_text .elementor-divider-separator:after,.elementor-widget-divider--view-line_text .elementor-divider-separator:before{display:block;content:\"\";border-block-end:0;flex-grow:1;border-block-start:var(--divider-border-width) var(--divider-border-style) var(--divider-color)}.elementor-widget-divider--element-align-left .elementor-divider .elementor-divider-separator>.elementor-divider__svg:first-of-type{flex-grow:0;flex-shrink:100}.elementor-widget-divider--element-align-left .elementor-divider-separator:before{content:none}.elementor-widget-divider--element-align-left .elementor-divider__element{margin-left:0}.elementor-widget-divider--element-align-right .elementor-divider .elementor-divider-separator>.elementor-divider__svg:last-of-type{flex-grow:0;flex-shrink:100}.elementor-widget-divider--element-align-right .elementor-divider-separator:after{content:none}.elementor-widget-divider--element-align-right .elementor-divider__element{margin-right:0}.elementor-widget-divider--element-align-start .elementor-divider .elementor-divider-separator>.elementor-divider__svg:first-of-type{flex-grow:0;flex-shrink:100}.elementor-widget-divider--element-align-start .elementor-divider-separator:before{content:none}.elementor-widget-divider--element-align-start .elementor-divider__element{margin-inline-start:0}.elementor-widget-divider--element-align-end .elementor-divider .elementor-divider-separator>.elementor-divider__svg:last-of-type{flex-grow:0;flex-shrink:100}.elementor-widget-divider--element-align-end .elementor-divider-separator:after{content:none}.elementor-widget-divider--element-align-end .elementor-divider__element{margin-inline-end:0}.elementor-widget-divider:not(.elementor-widget-divider--view-line_text):not(.elementor-widget-divider--view-line_icon) .elementor-divider-separator{border-block-start:var(--divider-border-width) var(--divider-border-style) var(--divider-color)}.elementor-widget-divider--separator-type-pattern{--divider-border-style:none}.elementor-widget-divider--separator-type-pattern.elementor-widget-divider--view-line .elementor-divider-separator,.elementor-widget-divider--separator-type-pattern:not(.elementor-widget-divider--view-line) .elementor-divider-separator:after,.elementor-widget-divider--separator-type-pattern:not(.elementor-widget-divider--view-line) .elementor-divider-separator:before,.elementor-widget-divider--separator-type-pattern:not([class*=elementor-widget-divider--view]) .elementor-divider-separator{width:100%;min-height:var(--divider-pattern-height);-webkit-mask-size:var(--divider-pattern-size) 100%;mask-size:var(--divider-pattern-size) 100%;-webkit-mask-repeat:var(--divider-pattern-repeat);mask-repeat:var(--divider-pattern-repeat);background-color:var(--divider-color);-webkit-mask-image:var(--divider-pattern-url);mask-image:var(--divider-pattern-url)}.elementor-widget-divider--no-spacing{--divider-pattern-size:auto}.elementor-widget-divider--bg-round{--divider-pattern-repeat:round}.rtl .elementor-widget-divider .elementor-divider__text{direction:rtl}.e-con-inner>.elementor-widget-divider,.e-con>.elementor-widget-divider{width:var(--container-widget-width,100%);--flex-grow:var(--container-widget-flex-grow)}<\/style>\t\t<div class=\"elementor-divider\">\n\t\t\t<span class=\"elementor-divider-separator\">\n\t\t\t\t\t\t<\/span>\n\t\t<\/div>\n\t\t\t\t<\/div>\n\t\t\t\t<\/div>\n\t\t\t\t\t<\/div>\n\t\t<\/div>\n\t\t\t\t\t<\/div>\n\t\t<\/section>\n\t\t<div class=\"elementor-element elementor-element-67b876c e-flex e-con-boxed e-con e-parent\" data-id=\"67b876c\" data-element_type=\"container\">\n\t\t\t\t\t<div class=\"e-con-inner\">\n\t\t\t\t<div class=\"elementor-element elementor-element-b162d5d elementor-widget elementor-widget-heading\" data-id=\"b162d5d\" data-element_type=\"widget\" data-widget_type=\"heading.default\">\n\t\t\t\t<div class=\"elementor-widget-container\">\n\t\t\t<style>\/*! elementor - v3.22.0 - 26-06-2024 *\/\n.elementor-heading-title{padding:0;margin:0;line-height:1}.elementor-widget-heading .elementor-heading-title[class*=elementor-size-]>a{color:inherit;font-size:inherit;line-height:inherit}.elementor-widget-heading .elementor-heading-title.elementor-size-small{font-size:15px}.elementor-widget-heading .elementor-heading-title.elementor-size-medium{font-size:19px}.elementor-widget-heading .elementor-heading-title.elementor-size-large{font-size:29px}.elementor-widget-heading .elementor-heading-title.elementor-size-xl{font-size:39px}.elementor-widget-heading .elementor-heading-title.elementor-size-xxl{font-size:59px}<\/style><div class=\"elementor-heading-title elementor-size-large\">Bienvenue chez Marigny Immobilier, l'excellence immobili\u00e8re.<\/div>\t\t<\/div>\n\t\t\t\t<\/div>\n\t\t\t\t\t<\/div>\n\t\t\t\t<\/div>\n\t\t<div class=\"elementor-element elementor-element-43c3ec0 e-flex e-con-boxed e-con e-parent\" data-id=\"43c3ec0\" data-element_type=\"container\">\n\t\t\t\t\t<div class=\"e-con-inner\">\n\t\t\t\t<div class=\"elementor-element elementor-element-4742866 elementor-widget elementor-widget-text-editor\" data-id=\"4742866\" data-element_type=\"widget\" data-widget_type=\"text-editor.default\">\n\t\t\t\t<div class=\"elementor-widget-container\">\n\t\t\t<style>\/*! elementor - v3.22.0 - 26-06-2024 *\/\n.elementor-widget-text-editor.elementor-drop-cap-view-stacked .elementor-drop-cap{background-color:#69727d;color:#fff}.elementor-widget-text-editor.elementor-drop-cap-view-framed .elementor-drop-cap{color:#69727d;border:3px solid;background-color:transparent}.elementor-widget-text-editor:not(.elementor-drop-cap-view-default) .elementor-drop-cap{margin-top:8px}.elementor-widget-text-editor:not(.elementor-drop-cap-view-default) .elementor-drop-cap-letter{width:1em;height:1em}.elementor-widget-text-editor .elementor-drop-cap{float:left;text-align:center;line-height:1;font-size:50px}.elementor-widget-text-editor .elementor-drop-cap-letter{display:inline-block}<\/style>\t\t\t\t<p style=\"text-align: center;\"><span style=\"font-family:Montserrat, sans-serif; font-size: small; text-align: start\">Avec une \u00e9quipe sp\u00e9cialis\u00e9e dans les propri\u00e9t\u00e9s de prestige, un portefeuille exclusif, une confidentialit\u00e9 absolue et des services sur-mesure, Marigny offre une exp\u00e9rience immobili\u00e8re in\u00e9gal\u00e9e pour nos clients. Votre r\u00eave immobilier devient r\u00e9alit\u00e9 avec Marigny.<\/span><\/p>\t\t\t\t\t\t<\/div>\n\t\t\t\t<\/div>\n\t\t\t\t\t<\/div>\n\t\t\t\t<\/div>\n\t\t\t\t<section class=\"elementor-section elementor-top-section elementor-element elementor-element-f75d6ae elementor-section-boxed elementor-section-height-default elementor-section-height-default elementor-invisible\" data-id=\"f75d6ae\" data-element_type=\"section\" data-settings=\"{&quot;animation&quot;:&quot;fadeIn&quot;}\">\n\t\t\t\t\t\t<div class=\"elementor-container elementor-column-gap-default\">\n\t\t\t\t\t<div class=\"elementor-column elementor-col-100 elementor-top-column elementor-element elementor-element-7c27be9\" data-id=\"7c27be9\" data-element_type=\"column\">\n\t\t\t<div class=\"elementor-widget-wrap elementor-element-populated\">\n\t\t\t\t\t\t<div class=\"elementor-element elementor-element-162f2d7 elementor-widget elementor-widget-houzez_elementor_space\" data-id=\"162f2d7\" data-element_type=\"widget\" data-widget_type=\"houzez_elementor_space.default\">\n\t\t\t\t<div class=\"elementor-widget-container\">\n\t\t\t        <div class=\"houzez-spacer\">\n            <div class=\"houzez-spacer-inner\"><\/div>\n        <\/div>\n        \t\t<\/div>\n\t\t\t\t<\/div>\n\t\t\t\t<div class=\"elementor-element elementor-element-794ca10 elementor-widget elementor-widget-houzez_elementor_icon_box\" data-id=\"794ca10\" data-element_type=\"widget\" data-widget_type=\"houzez_elementor_icon_box.default\">\n\t\t\t\t<div class=\"elementor-widget-container\">\n\t\t\t\n        <div class=\"text-with-icons-module module-3cols clearfix\">\n            \n                        <div class=\"text-with-icon-item text-with-icon-item-v1\">\n                            <div class=\"icon-thumb\">\n            \n                                                            <\/div><!-- icon-thumb -->\n                            <div class=\"text-with-icon-info\">\n                                <div class=\"text-with-icon-title\">\n                                    <strong>Un portefeuille d'exception<\/strong>\n                                <\/div><!-- text-with-icon-title -->\n                                <div class=\"text-with-icon-body\">\n                                    D\u00e9couvrez une s\u00e9lection exclusive de propri\u00e9t\u00e9s de prestige, soigneusement s\u00e9lectionn\u00e9es pour leur \u00e9l\u00e9gance et leur qualit\u00e9 exceptionnelle.                                <\/div><!-- text-with-icon-body -->\n                            <\/div><!-- text-with-icon-info -->\n\n                                                            <div class=\"text-with-icon-link\">\n                                <a href=\"#\"  ><\/a>\n                                <\/div>\n                            \n                        <\/div><!-- text-with-icon-item  -->\n                    \n                        <div class=\"text-with-icon-item text-with-icon-item-v1\">\n                            <div class=\"icon-thumb\">\n            \n                                                            <\/div><!-- icon-thumb -->\n                            <div class=\"text-with-icon-info\">\n                                <div class=\"text-with-icon-title\">\n                                    <strong>Confidentialit\u00e9 et discr\u00e9tion<\/strong>\n                                <\/div><!-- text-with-icon-title -->\n                                <div class=\"text-with-icon-body\">\n                                    Nous comprenons l'importance de la confidentialit\u00e9 pour nos clients. Vos transactions sont trait\u00e9es avec la plus grande discr\u00e9tion et s\u00e9curit\u00e9.                                <\/div><!-- text-with-icon-body -->\n                            <\/div><!-- text-with-icon-info -->\n\n                                                            <div class=\"text-with-icon-link\">\n                                <a href=\"#\"  ><\/a>\n                                <\/div>\n                            \n                        <\/div><!-- text-with-icon-item  -->\n                    \n                        <div class=\"text-with-icon-item text-with-icon-item-v1\">\n                            <div class=\"icon-thumb\">\n            \n                                                            <\/div><!-- icon-thumb -->\n                            <div class=\"text-with-icon-info\">\n                                <div class=\"text-with-icon-title\">\n                                    <strong>Service personnalis\u00e9<\/strong>\n                                <\/div><!-- text-with-icon-title -->\n                                <div class=\"text-with-icon-body\">\n                                    Chaque client est unique, et nous sommes d\u00e9vou\u00e9s \u00e0 fournir un service sur-mesure pour r\u00e9pondre \u00e0 vos besoins sp\u00e9cifiques.                                <\/div><!-- text-with-icon-body -->\n                            <\/div><!-- text-with-icon-info -->\n\n                                                            <div class=\"text-with-icon-link\">\n                                <a href=\"#\"  ><\/a>\n                                <\/div>\n                            \n                        <\/div><!-- text-with-icon-item  -->\n                            <\/div>\n    \t\t<\/div>\n\t\t\t\t<\/div>\n\t\t\t\t<div class=\"elementor-element elementor-element-ccd8c48 elementor-widget elementor-widget-houzez_elementor_space\" data-id=\"ccd8c48\" data-element_type=\"widget\" data-widget_type=\"houzez_elementor_space.default\">\n\t\t\t\t<div class=\"elementor-widget-container\">\n\t\t\t        <div class=\"houzez-spacer\">\n            <div class=\"houzez-spacer-inner\"><\/div>\n        <\/div>\n        \t\t<\/div>\n\t\t\t\t<\/div>\n\t\t\t\t<div class=\"elementor-element elementor-element-4ffa87f elementor-widget-divider--view-line elementor-widget elementor-widget-divider\" data-id=\"4ffa87f\" data-element_type=\"widget\" data-widget_type=\"divider.default\">\n\t\t\t\t<div class=\"elementor-widget-container\">\n\t\t\t\t\t<div class=\"elementor-divider\">\n\t\t\t<span class=\"elementor-divider-separator\">\n\t\t\t\t\t\t<\/span>\n\t\t<\/div>\n\t\t\t\t<\/div>\n\t\t\t\t<\/div>\n\t\t\t\t\t<\/div>\n\t\t<\/div>\n\t\t\t\t\t<\/div>\n\t\t<\/section>\n\t\t\t\t<section class=\"elementor-section elementor-top-section elementor-element elementor-element-8c9757f elementor-section-boxed elementor-section-height-default elementor-section-height-default elementor-invisible\" data-id=\"8c9757f\" data-element_type=\"section\" data-settings=\"{&quot;animation&quot;:&quot;fadeIn&quot;}\">\n\t\t\t\t\t\t<div class=\"elementor-container elementor-column-gap-default\">\n\t\t\t\t\t<div class=\"elementor-column elementor-col-50 elementor-top-column elementor-element elementor-element-6d496ff\" data-id=\"6d496ff\" data-element_type=\"column\">\n\t\t\t<div class=\"elementor-widget-wrap elementor-element-populated\">\n\t\t\t\t\t\t<div class=\"elementor-element elementor-element-90ca4ce elementor-widget__width-initial elementor-widget elementor-widget-image\" data-id=\"90ca4ce\" data-element_type=\"widget\" data-widget_type=\"image.default\">\n\t\t\t\t<div class=\"elementor-widget-container\">\n\t\t\t<style>\/*! elementor - v3.22.0 - 26-06-2024 *\/\n.elementor-widget-image{text-align:center}.elementor-widget-image a{display:inline-block}.elementor-widget-image a img[src$=\".svg\"]{width:48px}.elementor-widget-image img{vertical-align:middle;display:inline-block}<\/style>\t\t\t\t\t\t\t\t\t\t<img fetchpriority=\"high\" decoding=\"async\" width=\"940\" height=\"788\" src=\"https:\/\/marigny.clicsoft.dev\/wp-content\/uploads\/2023\/12\/GRAPH.png\" class=\"attachment-full size-full wp-image-2697\" alt=\"\" srcset=\"https:\/\/marigny.clicsoft.dev\/wp-content\/uploads\/2023\/12\/GRAPH.png 940w, https:\/\/marigny.clicsoft.dev\/wp-content\/uploads\/2023\/12\/GRAPH-300x251.png 300w, https:\/\/marigny.clicsoft.dev\/wp-content\/uploads\/2023\/12\/GRAPH-768x644.png 768w, https:\/\/marigny.clicsoft.dev\/wp-content\/uploads\/2023\/12\/GRAPH-716x600.png 716w, https:\/\/marigny.clicsoft.dev\/wp-content\/uploads\/2023\/12\/GRAPH-496x416.png 496w\" sizes=\"(max-width: 940px) 100vw, 940px\" \/>\t\t\t\t\t\t\t\t\t\t\t\t\t<\/div>\n\t\t\t\t<\/div>\n\t\t\t\t\t<\/div>\n\t\t<\/div>\n\t\t\t\t<div class=\"elementor-column elementor-col-50 elementor-top-column elementor-element elementor-element-e84a162\" data-id=\"e84a162\" data-element_type=\"column\">\n\t\t\t<div class=\"elementor-widget-wrap elementor-element-populated\">\n\t\t\t\t\t\t<div class=\"elementor-element elementor-element-d5fb875 elementor-widget__width-initial elementor-widget elementor-widget-heading\" data-id=\"d5fb875\" data-element_type=\"widget\" data-widget_type=\"heading.default\">\n\t\t\t\t<div class=\"elementor-widget-container\">\n\t\t\t<div class=\"elementor-heading-title elementor-size-small\">EVOLUTION DU PRIX MOYEN AU M\u00b2 POUR LA VILLE DE VERSAILLES<\/div>\t\t<\/div>\n\t\t\t\t<\/div>\n\t\t\t\t<div class=\"elementor-element elementor-element-07b4f27 elementor-widget__width-initial elementor-widget elementor-widget-text-editor\" data-id=\"07b4f27\" data-element_type=\"widget\" data-widget_type=\"text-editor.default\">\n\t\t\t\t<div class=\"elementor-widget-container\">\n\t\t\t\t\t\t\t<p>Situ\u00e9e dans le d\u00e9partement des Yvelines en Ile-de-France, la ville de Versailles compte une population totale de 85 205 habitants et s\u2019\u00e9tends sur une superficie de 26km2. Renomm\u00e9e pour son dynamise, la ville offre diverses possibilit\u00e9s de sorties culturelles et de divertissement, avec 2 th\u00e9\u00e2tres et 2 cin\u00e9mas selon les donn\u00e9es de l\u2019Insee. Pour les amateurs d\u2019activit\u00e9s sportives, Versailles propose 3 piscines, 16 gymnases et 8 stades. En ce qui concerne les achats et le shopping, la commune abrite 1 027 commerces. Par ailleurs, huit espaces verts sont accessibles aux habitants, offrant des moments de tranquillit\u00e9 appr\u00e9ciables pour les \u00e9tudiants, les familles et les retrait\u00e9s.<\/p>\t\t\t\t\t\t<\/div>\n\t\t\t\t<\/div>\n\t\t\t\t\t<\/div>\n\t\t<\/div>\n\t\t\t\t\t<\/div>\n\t\t<\/section>\n\t\t\t\t<section class=\"elementor-section elementor-top-section elementor-element elementor-element-cc284a1 elementor-section-boxed elementor-section-height-default elementor-section-height-default elementor-invisible\" data-id=\"cc284a1\" data-element_type=\"section\" data-settings=\"{&quot;animation&quot;:&quot;fadeIn&quot;}\">\n\t\t\t\t\t\t<div class=\"elementor-container elementor-column-gap-default\">\n\t\t\t\t\t<div class=\"elementor-column elementor-col-100 elementor-top-column elementor-element elementor-element-00f0c9e\" data-id=\"00f0c9e\" data-element_type=\"column\">\n\t\t\t<div class=\"elementor-widget-wrap elementor-element-populated\">\n\t\t\t\t\t\t<div class=\"elementor-element elementor-element-26525ad elementor-widget elementor-widget-houzez_elementor_space\" data-id=\"26525ad\" data-element_type=\"widget\" data-widget_type=\"houzez_elementor_space.default\">\n\t\t\t\t<div class=\"elementor-widget-container\">\n\t\t\t        <div class=\"houzez-spacer\">\n            <div class=\"houzez-spacer-inner\"><\/div>\n        <\/div>\n        \t\t<\/div>\n\t\t\t\t<\/div>\n\t\t\t\t<div class=\"elementor-element elementor-element-a31fd8d elementor-widget elementor-widget-text-editor\" data-id=\"a31fd8d\" data-element_type=\"widget\" data-widget_type=\"text-editor.default\">\n\t\t\t\t<div class=\"elementor-widget-container\">\n\t\t\t\t\t\t\t<p>Marigny Immobilier, l&#8217;art de vivre \u00e0 Versailles<\/p>\t\t\t\t\t\t<\/div>\n\t\t\t\t<\/div>\n\t\t\t\t\t<\/div>\n\t\t<\/div>\n\t\t\t\t\t<\/div>\n\t\t<\/section>\n\t\t<div class=\"elementor-element elementor-element-e320662 e-flex e-con-boxed e-con e-parent\" data-id=\"e320662\" data-element_type=\"container\">\n\t\t\t\t\t<div class=\"e-con-inner\">\n\t\t\t\t<div class=\"elementor-element elementor-element-99014aa elementor-widget elementor-widget-text-editor\" data-id=\"99014aa\" data-element_type=\"widget\" data-widget_type=\"text-editor.default\">\n\t\t\t\t<div class=\"elementor-widget-container\">\n\t\t\t\t\t\t\t<div>Plus qu\u2019une simple agence, nous sommes une \u00e9quipe de passionn\u00e9s, profond\u00e9ment ancr\u00e9e dans le tissu local versaillais, qui partage une vision commune : offrir \u00e0 nos clients une exp\u00e9rience immobili\u00e8re d\u2019exception.\u00a0<\/div><div>\u00a0<\/div><div>Notre expertise :\u00a0<\/div><div>\u00a0<\/div><div>\u2022 Connaissance approfondie du march\u00e9 immobilier versaillais : Notre implantation historique \u00e0 Versailles nous permet de d\u00e9crypter les tendances du march\u00e9 et d\u2019identifier les biens d\u2019exception r\u00e9pondant parfaitement \u00e0 vos attentes.<\/div><div>\u2022 Un savoir-faire in\u00e9gal\u00e9 : nos conseillers, form\u00e9s et exp\u00e9riment\u00e9s, vous accompagnent \u00e0 chaque \u00e9tape de votre projet immobilier avec rigueur et professionnalisme.<\/div><div>\u2022 Un r\u00e9seau d\u2019experts : nous collaborons avec un r\u00e9seau d\u2019architectes, d\u2019experts immobiliers, de notaires, d\u2019artisans et de financiers pour vous garantir un service complet et de qualit\u00e9.<\/div><div>\u00a0<\/div><div>Notre engagement :\u00a0<\/div><div>\u00a0<\/div><div>\u2022 \u00c9coute attentive et compr\u00e9hension de vos besoins : nous prenons le temps de comprendre vos aspirations et vos exigences afin de vous proposer des solutions immobili\u00e8res sur-mesure.<\/div><div>\u2022 Discr\u00e9tion et confidentialit\u00e9 : nous respectons votre vie priv\u00e9 et traitons vos projets immobiliers avec la plus grande confidentialit\u00e9.<\/div><div>\u2022 Transparence et r\u00e9activit\u00e9 : nous vous informons r\u00e9guli\u00e8rement de l\u2019avancement de votre projet et sommes disponibles pour r\u00e9pondre \u00e0 vos questions et vous apporter des conseils avis\u00e9s.<\/div><div>\u00a0<\/div><div>Marigny Immobilier, bien plus qu\u2019une agence immobili\u00e8re, un partenaire de vie.\u00a0<\/div><div>\u00a0<\/div><div>Contactez-nous d\u00e8s aujourd\u2019hui pour nous faire part de votre projet immobilier. Nous serons ravis de vous accompagner dans cette nouvelle aventure.\u00a0<\/div>\t\t\t\t\t\t<\/div>\n\t\t\t\t<\/div>\n\t\t\t\t\t<\/div>\n\t\t\t\t<\/div>\n\t\t<div class=\"elementor-element elementor-element-2069680 e-flex e-con-boxed e-con e-parent\" data-id=\"2069680\" data-element_type=\"container\">\n\t\t\t\t\t<div class=\"e-con-inner\">\n\t\t\t\t<div class=\"elementor-element elementor-element-53ffae9 elementor-align-center elementor-widget elementor-widget-button\" data-id=\"53ffae9\" data-element_type=\"widget\" data-widget_type=\"button.default\">\n\t\t\t\t<div class=\"elementor-widget-container\">\n\t\t\t\t\t<div class=\"elementor-button-wrapper\">\n\t\t\t<a class=\"elementor-button elementor-button-link elementor-size-lg\" href=\"https:\/\/marigny.clicsoft.dev\/?page_id=2111\">\n\t\t\t\t\t\t<span class=\"elementor-button-content-wrapper\">\n\t\t\t\t\t\t\t\t\t<span class=\"elementor-button-text\">Contactez-nous<\/span>\n\t\t\t\t\t<\/span>\n\t\t\t\t\t<\/a>\n\t\t<\/div>\n\t\t\t\t<\/div>\n\t\t\t\t<\/div>\n\t\t\t\t\t<\/div>\n\t\t\t\t<\/div>\n\t\t\t\t<\/div>\n\t\t","protected":false},"excerpt":{"rendered":"<p>Bienvenue chez Marigny Immobilier, l&#8217;excellence immobili\u00e8re. Avec une \u00e9quipe sp\u00e9cialis\u00e9e dans les propri\u00e9t\u00e9s de prestige, un portefeuille exclusif, une confidentialit\u00e9 absolue et des services sur-mesure, Marigny offre une exp\u00e9rience immobili\u00e8re in\u00e9gal\u00e9e pour nos clients. Votre r\u00eave immobilier devient r\u00e9alit\u00e9 avec Marigny. Un portefeuille d&#8217;exception D\u00e9couvrez une s\u00e9lection exclusive de propri\u00e9t\u00e9s de prestige, soigneusement s\u00e9lectionn\u00e9es pour [&hellip;]<\/p>\n","protected":false},"author":1,"featured_media":0,"parent":0,"menu_order":0,"comment_status":"closed","ping_status":"closed","template":"elementor_header_footer","meta":{"footnotes":""},"class_list":["post-2106","page","type-page","status-publish","hentry"],"aioseo_notices":[],"_links":{"self":[{"href":"https:\/\/marigny.clicsoft.dev\/index.php?rest_route=\/wp\/v2\/pages\/2106","targetHints":{"allow":["GET"]}}],"collection":[{"href":"https:\/\/marigny.clicsoft.dev\/index.php?rest_route=\/wp\/v2\/pages"}],"about":[{"href":"https:\/\/marigny.clicsoft.dev\/index.php?rest_route=\/wp\/v2\/types\/page"}],"author":[{"embeddable":true,"href":"https:\/\/marigny.clicsoft.dev\/index.php?rest_route=\/wp\/v2\/users\/1"}],"replies":[{"embeddable":true,"href":"https:\/\/marigny.clicsoft.dev\/index.php?rest_route=%2Fwp%2Fv2%2Fcomments&post=2106"}],"version-history":[{"count":113,"href":"https:\/\/marigny.clicsoft.dev\/index.php?rest_route=\/wp\/v2\/pages\/2106\/revisions"}],"predecessor-version":[{"id":3084,"href":"https:\/\/marigny.clicsoft.dev\/index.php?rest_route=\/wp\/v2\/pages\/2106\/revisions\/3084"}],"wp:attachment":[{"href":"https:\/\/marigny.clicsoft.dev\/index.php?rest_route=%2Fwp%2Fv2%2Fmedia&parent=2106"}],"curies":[{"name":"wp","href":"https:\/\/api.w.org\/{rel}","templated":true}]}}